{"id":13827,"date":"2020-11-28T09:32:09","date_gmt":"2020-11-28T08:32:09","guid":{"rendered":"https:\/\/consulting.vamtam.com\/?page_id=13827"},"modified":"2026-04-01T11:54:42","modified_gmt":"2026-04-01T10:54:42","slug":"home","status":"publish","type":"page","link":"https:\/\/itbusinesspartner.fr\/en\/","title":{"rendered":"Home"},"content":{"rendered":"<div class=\"vgblk-rw-wrapper limit-wrapper\">\n<h3>\n\t\u00ab\u00a0Technology matters most when it is in the service of a compelling Strategy.\u00a0\u00bb\n\t<\/h3>\n<h3>\n\tBusiness Services\n\t<\/h3>\n\t<p>Avant tout partenaire de confiance des m\u00e9tiers, orient\u00e9s services &amp; solutions.<\/p>\n<h3>\n\tPerformance\n\t<\/h3>\n\t<p>Utiliser la technologie la plus avanc\u00e9e comme levier de performance.<\/p>\n<h3>\n\tInnovation\n\t<\/h3>\n\t<p>[Creativit\u00e9 x Technology] nous faisons de l&rsquo;innovation notre moteur.<\/p>\n<h5>\n\t\u00ab\u00a0If you aim to disrupt an industry, you must be willing to disrupt yourself.\u00a0\u00bb\n\t<\/h5>\n\t<a href=\"\/contact\/\" target=\"_self\" role=\"button\">\n\t\t\t\t\tNous contacter\n\t<\/a>\n\t\t\t\t\t\t\t<img loading=\"lazy\" decoding=\"async\" src=\"https:\/\/itbusinesspartner.fr\/wp-content\/uploads\/2026\/04\/cropped-cropped-logo_26_-2-e1775040549479-300x38.png\" alt=\"https:\/\/itbusinesspartner.fr\/wp-content\/uploads\/2026\/04\/cropped-logo_26_-2.png\" itemprop=\"image\" height=\"38\" width=\"300\" title=\"logo_26_\" onerror=\"this.style.display='none'\"  sizes=\"auto, (max-width: 768px) 100vw, 100vw\" srcset=\"https:\/\/itbusinesspartner.fr\/wp-content\/uploads\/2026\/04\/cropped-cropped-logo_26_-2-e1775040549479-300x38.png 300w, https:\/\/itbusinesspartner.fr\/wp-content\/uploads\/2026\/04\/cropped-cropped-logo_26_-2-e1775040549479-18x2.png 18w, https:\/\/itbusinesspartner.fr\/wp-content\/uploads\/2026\/04\/cropped-cropped-logo_26_-2-e1775040549479-466x59.png 466w, https:\/\/itbusinesspartner.fr\/wp-content\/uploads\/2026\/04\/cropped-cropped-logo_26_-2-e1775040549479-350x44.png 350w, https:\/\/itbusinesspartner.fr\/wp-content\/uploads\/2026\/04\/cropped-cropped-logo_26_-2-e1775040549479.png 488w\" \/>\t\t\t\t\t\t\t\n\t<a href=\"\/contact\/\" target=\"_self\" role=\"button\">\n\t\t\t\t\tContact\n\t<\/a>\n<h3>\n\tNos convictions\n\t<\/h3>\n\t<p>D\u00e9couvrez ce en quoi nous croyons et ce qui nous motive chaque jour.<\/p>\n<h4>\n\t\u00b7 Automatisation\n\t<\/h4>\n<h4>\n\t\u00b7 SelfService\n\t<\/h4>\n<h4>\n\t\u00b7 Start with why (exp\u00e9rience)\n\t<\/h4>\n<h4>\n\t\u00b7 ROX is the new ROI\n\t<\/h4>\n<h4>\n\t\u00b7 Enterprise Service Management\n\t<\/h4>\n<h4>\n\t\u00b7 Succomber aux 7 p\u00e9ch\u00e9s digitaux\n\t<\/h4>\n<h4>\n\t\u00b7 Creativit\u00e9 x Technologique\n\t<\/h4>\n\t<a href=\"\/beliefs\/\" target=\"_self\" role=\"button\">\n\t\t\t\t\tExplorer\n\t<\/a>\n<h3>\n\tArticles r\u00e9cents\n\t<\/h3>\n\t<p>Nos derniers articles.<\/p>\n\t<a href=\"\/insights\/\" target=\"_self\" role=\"button\">\n\t\t\t\t\tLire tout\n\t<\/a>\n<h3>\n\tR\u00e9f\u00e9rences\n\t<\/h3>\n\t<p>Quelques unes de nos r\u00e9f\u00e9rences<\/p>\n\t\t\t\t\t\t\t<img loading=\"lazy\" decoding=\"async\" src=\"https:\/\/itbusinesspartner.fr\/wp-content\/uploads\/2020\/11\/clients.png\" alt=\"clients\" itemprop=\"image\" height=\"906\" width=\"1560\" title=\"clients\" onerror=\"this.style.display='none'\"  sizes=\"auto, (max-width: 768px) 100vw, 100vw\" srcset=\"https:\/\/itbusinesspartner.fr\/wp-content\/uploads\/2020\/11\/clients.png 1560w, https:\/\/itbusinesspartner.fr\/wp-content\/uploads\/2020\/11\/clients-300x174.png 300w, https:\/\/itbusinesspartner.fr\/wp-content\/uploads\/2020\/11\/clients-1024x595.png 1024w, https:\/\/itbusinesspartner.fr\/wp-content\/uploads\/2020\/11\/clients-1536x892.png 1536w, https:\/\/itbusinesspartner.fr\/wp-content\/uploads\/2020\/11\/clients-16x9.png 16w, https:\/\/itbusinesspartner.fr\/wp-content\/uploads\/2020\/11\/clients-1260x732.png 1260w, https:\/\/itbusinesspartner.fr\/wp-content\/uploads\/2020\/11\/clients-630x366.png 630w, https:\/\/itbusinesspartner.fr\/wp-content\/uploads\/2020\/11\/clients-420x244.png 420w, https:\/\/itbusinesspartner.fr\/wp-content\/uploads\/2020\/11\/clients-840x488.png 840w, https:\/\/itbusinesspartner.fr\/wp-content\/uploads\/2020\/11\/clients-315x183.png 315w\" \/>\t\t\t\t\t\t\t\n\t<a href=\"\/clients\/\" target=\"_self\" role=\"button\">\n\t\t\t\t\tToutes nos r\u00e9f\u00e9rences\n\t<\/a>\n<h2>\n\tNous vous contactons\n\t<\/h2>\n\t<p>Nous vous rappelons pour que vous nous exposiez votre besoin.<\/p>\n\tRemarque\u00a0: JavaScript est requis pour ce contenu.\n        <!-- That data is being printed as a workaround to page builders reordering the order of the scripts loaded-->\n        <h3>\n\tInternational\n\t<\/h3>\n\t<p>Nous pouvons \u00eatre mobile sur la plan\u00e8te,<\/p>\n<p>et travailler \u00e0 l&rsquo;international<\/p>\n<h3>\n\tIdentit\u00e9\n\t<\/h3>\n\t<p>Voir les informations entreprise<\/p>\n\t<a href=\"\/ID\/\" target=\"_self\" role=\"button\">\n\t\t\t\t\tvoir\n\t<\/a>\n\n<\/div><!-- .vgblk-rw-wrapper -->","protected":false},"excerpt":{"rendered":"<p>\u00ab\u00a0Technology matters most when it is in the service of a compelling Strategy.\u00a0\u00bb Business Services Avant tout partenaire de confiance des m\u00e9tiers, orient\u00e9s services &amp; solutions. Performance Utiliser la technologie&#8230;<\/p>","protected":false},"author":2,"featured_media":0,"parent":0,"menu_order":0,"comment_status":"closed","ping_status":"closed","template":"","meta":{"inline_featured_image":false,"footnotes":""},"class_list":["post-13827","page","type-page","status-publish","hentry"],"yoast_head":"<!-- This site is optimized with the Yoast SEO plugin v27.6 - https:\/\/yoast.com\/product\/yoast-seo-wordpress\/ -->\n<title>Home - IT Business Partner - The digital business enabler you need<\/title>\n<meta name=\"description\" content=\"IT Business Partner \u00ae Connecte capacit\u00e9s business et ressources, au travers de technologies et d&#039;initiatives propuls\u00e9es par de nouvelles exp\u00e9riences digitales et aux transformations induites des organisations et leur mod\u00e8le.\" \/>\n<meta name=\"robots\" content=\"index, follow, max-snippet:-1, max-image-preview:large, max-video-preview:-1\" \/>\n<link rel=\"canonical\" href=\"https:\/\/itbusinesspartner.fr\/en\/\" \/>\n<meta property=\"og:locale\" content=\"en_US\" \/>\n<meta property=\"og:type\" content=\"article\" \/>\n<meta property=\"og:title\" content=\"Home - IT Business Partner - The digital business enabler you need\" \/>\n<meta property=\"og:description\" content=\"IT Business Partner \u00ae Connecte capacit\u00e9s business et ressources, au travers de technologies et d&#039;initiatives propuls\u00e9es par de nouvelles exp\u00e9riences digitales et aux transformations induites des organisations et leur mod\u00e8le.\" \/>\n<meta property=\"og:url\" content=\"https:\/\/itbusinesspartner.fr\/en\/\" \/>\n<meta property=\"og:site_name\" content=\"IT Business Partner - The digital business enabler you need\" \/>\n<meta property=\"article:modified_time\" content=\"2026-04-01T10:54:42+00:00\" \/>\n<meta property=\"og:image\" content=\"https:\/\/itbusinesspartner.fr\/wp-content\/uploads\/2026\/04\/cropped-cropped-logo_26_-2-e1775040549479-300x38.png\" \/>\n<meta name=\"twitter:card\" content=\"summary_large_image\" \/>\n<meta name=\"twitter:label1\" content=\"Est. reading time\" \/>\n\t<meta name=\"twitter:data1\" content=\"6 minutes\" \/>\n<script type=\"application\/ld+json\" class=\"yoast-schema-graph\">{\"@context\":\"https:\\\/\\\/schema.org\",\"@graph\":[{\"@type\":\"WebPage\",\"@id\":\"https:\\\/\\\/itbusinesspartner.fr\\\/\",\"url\":\"https:\\\/\\\/itbusinesspartner.fr\\\/\",\"name\":\"Home - IT Business Partner - The digital business enabler you need\",\"isPartOf\":{\"@id\":\"https:\\\/\\\/itbusinesspartner.fr\\\/#website\"},\"primaryImageOfPage\":{\"@id\":\"https:\\\/\\\/itbusinesspartner.fr\\\/#primaryimage\"},\"image\":{\"@id\":\"https:\\\/\\\/itbusinesspartner.fr\\\/#primaryimage\"},\"thumbnailUrl\":\"https:\\\/\\\/itbusinesspartner.fr\\\/wp-content\\\/uploads\\\/2026\\\/04\\\/cropped-cropped-logo_26_-2-e1775040549479-300x38.png\",\"datePublished\":\"2020-11-28T08:32:09+00:00\",\"dateModified\":\"2026-04-01T10:54:42+00:00\",\"description\":\"IT Business Partner \u00ae Connecte capacit\u00e9s business et ressources, au travers de technologies et d'initiatives propuls\u00e9es par de nouvelles exp\u00e9riences digitales et aux transformations induites des organisations et leur mod\u00e8le.\",\"breadcrumb\":{\"@id\":\"https:\\\/\\\/itbusinesspartner.fr\\\/#breadcrumb\"},\"inLanguage\":\"en-US\",\"potentialAction\":[{\"@type\":\"ReadAction\",\"target\":[\"https:\\\/\\\/itbusinesspartner.fr\\\/\"]}]},{\"@type\":\"ImageObject\",\"inLanguage\":\"en-US\",\"@id\":\"https:\\\/\\\/itbusinesspartner.fr\\\/#primaryimage\",\"url\":\"https:\\\/\\\/itbusinesspartner.fr\\\/wp-content\\\/uploads\\\/2026\\\/04\\\/cropped-cropped-logo_26_-2-e1775040549479-300x38.png\",\"contentUrl\":\"https:\\\/\\\/itbusinesspartner.fr\\\/wp-content\\\/uploads\\\/2026\\\/04\\\/cropped-cropped-logo_26_-2-e1775040549479-300x38.png\"},{\"@type\":\"BreadcrumbList\",\"@id\":\"https:\\\/\\\/itbusinesspartner.fr\\\/#breadcrumb\",\"itemListElement\":[{\"@type\":\"ListItem\",\"position\":1,\"name\":\"Home\",\"item\":\"https:\\\/\\\/itbusinesspartner.fr\\\/\"},{\"@type\":\"ListItem\",\"position\":2,\"name\":\"Home\"}]},{\"@type\":\"WebSite\",\"@id\":\"https:\\\/\\\/itbusinesspartner.fr\\\/#website\",\"url\":\"https:\\\/\\\/itbusinesspartner.fr\\\/\",\"name\":\"IT Business Partner\",\"description\":\"\",\"publisher\":{\"@id\":\"https:\\\/\\\/itbusinesspartner.fr\\\/#organization\"},\"potentialAction\":[{\"@type\":\"SearchAction\",\"target\":{\"@type\":\"EntryPoint\",\"urlTemplate\":\"https:\\\/\\\/itbusinesspartner.fr\\\/?s={search_term_string}\"},\"query-input\":{\"@type\":\"PropertyValueSpecification\",\"valueRequired\":true,\"valueName\":\"search_term_string\"}}],\"inLanguage\":\"en-US\"},{\"@type\":\"Organization\",\"@id\":\"https:\\\/\\\/itbusinesspartner.fr\\\/#organization\",\"name\":\"IT Business Partner\",\"url\":\"https:\\\/\\\/itbusinesspartner.fr\\\/\",\"logo\":{\"@type\":\"ImageObject\",\"inLanguage\":\"en-US\",\"@id\":\"https:\\\/\\\/itbusinesspartner.fr\\\/#\\\/schema\\\/logo\\\/image\\\/\",\"url\":\"https:\\\/\\\/itbusinesspartner.fr\\\/wp-content\\\/uploads\\\/2020\\\/10\\\/ITBP_2020_WHITE-1-e1603290714849.png\",\"contentUrl\":\"https:\\\/\\\/itbusinesspartner.fr\\\/wp-content\\\/uploads\\\/2020\\\/10\\\/ITBP_2020_WHITE-1-e1603290714849.png\",\"width\":500,\"height\":201,\"caption\":\"IT Business Partner\"},\"image\":{\"@id\":\"https:\\\/\\\/itbusinesspartner.fr\\\/#\\\/schema\\\/logo\\\/image\\\/\"},\"sameAs\":[\"https:\\\/\\\/www.linkedin.com\\\/company\\\/itbusinesspartner\\\/\"]}]}<\/script>\n<!-- \/ Yoast SEO plugin. -->","yoast_head_json":{"title":"Home - IT Business Partner - The digital business enabler you need","description":"IT Business Partner \u00ae Connecte capacit\u00e9s business et ressources, au travers de technologies et d'initiatives propuls\u00e9es par de nouvelles exp\u00e9riences digitales et aux transformations induites des organisations et leur mod\u00e8le.","robots":{"index":"index","follow":"follow","max-snippet":"max-snippet:-1","max-image-preview":"max-image-preview:large","max-video-preview":"max-video-preview:-1"},"canonical":"https:\/\/itbusinesspartner.fr\/en\/","og_locale":"en_US","og_type":"article","og_title":"Home - IT Business Partner - The digital business enabler you need","og_description":"IT Business Partner \u00ae Connecte capacit\u00e9s business et ressources, au travers de technologies et d'initiatives propuls\u00e9es par de nouvelles exp\u00e9riences digitales et aux transformations induites des organisations et leur mod\u00e8le.","og_url":"https:\/\/itbusinesspartner.fr\/en\/","og_site_name":"IT Business Partner - The digital business enabler you need","article_modified_time":"2026-04-01T10:54:42+00:00","og_image":[{"url":"https:\/\/itbusinesspartner.fr\/wp-content\/uploads\/2026\/04\/cropped-cropped-logo_26_-2-e1775040549479-300x38.png","type":"","width":"","height":""}],"twitter_card":"summary_large_image","twitter_misc":{"Est. reading time":"6 minutes"},"schema":{"@context":"https:\/\/schema.org","@graph":[{"@type":"WebPage","@id":"https:\/\/itbusinesspartner.fr\/","url":"https:\/\/itbusinesspartner.fr\/","name":"Home - IT Business Partner - The digital business enabler you need","isPartOf":{"@id":"https:\/\/itbusinesspartner.fr\/#website"},"primaryImageOfPage":{"@id":"https:\/\/itbusinesspartner.fr\/#primaryimage"},"image":{"@id":"https:\/\/itbusinesspartner.fr\/#primaryimage"},"thumbnailUrl":"https:\/\/itbusinesspartner.fr\/wp-content\/uploads\/2026\/04\/cropped-cropped-logo_26_-2-e1775040549479-300x38.png","datePublished":"2020-11-28T08:32:09+00:00","dateModified":"2026-04-01T10:54:42+00:00","description":"IT Business Partner \u00ae Connecte capacit\u00e9s business et ressources, au travers de technologies et d'initiatives propuls\u00e9es par de nouvelles exp\u00e9riences digitales et aux transformations induites des organisations et leur mod\u00e8le.","breadcrumb":{"@id":"https:\/\/itbusinesspartner.fr\/#breadcrumb"},"inLanguage":"en-US","potentialAction":[{"@type":"ReadAction","target":["https:\/\/itbusinesspartner.fr\/"]}]},{"@type":"ImageObject","inLanguage":"en-US","@id":"https:\/\/itbusinesspartner.fr\/#primaryimage","url":"https:\/\/itbusinesspartner.fr\/wp-content\/uploads\/2026\/04\/cropped-cropped-logo_26_-2-e1775040549479-300x38.png","contentUrl":"https:\/\/itbusinesspartner.fr\/wp-content\/uploads\/2026\/04\/cropped-cropped-logo_26_-2-e1775040549479-300x38.png"},{"@type":"BreadcrumbList","@id":"https:\/\/itbusinesspartner.fr\/#breadcrumb","itemListElement":[{"@type":"ListItem","position":1,"name":"Home","item":"https:\/\/itbusinesspartner.fr\/"},{"@type":"ListItem","position":2,"name":"Home"}]},{"@type":"WebSite","@id":"https:\/\/itbusinesspartner.fr\/#website","url":"https:\/\/itbusinesspartner.fr\/","name":"IT Business Partner","description":"","publisher":{"@id":"https:\/\/itbusinesspartner.fr\/#organization"},"potentialAction":[{"@type":"SearchAction","target":{"@type":"EntryPoint","urlTemplate":"https:\/\/itbusinesspartner.fr\/?s={search_term_string}"},"query-input":{"@type":"PropertyValueSpecification","valueRequired":true,"valueName":"search_term_string"}}],"inLanguage":"en-US"},{"@type":"Organization","@id":"https:\/\/itbusinesspartner.fr\/#organization","name":"IT Business Partner","url":"https:\/\/itbusinesspartner.fr\/","logo":{"@type":"ImageObject","inLanguage":"en-US","@id":"https:\/\/itbusinesspartner.fr\/#\/schema\/logo\/image\/","url":"https:\/\/itbusinesspartner.fr\/wp-content\/uploads\/2020\/10\/ITBP_2020_WHITE-1-e1603290714849.png","contentUrl":"https:\/\/itbusinesspartner.fr\/wp-content\/uploads\/2020\/10\/ITBP_2020_WHITE-1-e1603290714849.png","width":500,"height":201,"caption":"IT Business Partner"},"image":{"@id":"https:\/\/itbusinesspartner.fr\/#\/schema\/logo\/image\/"},"sameAs":["https:\/\/www.linkedin.com\/company\/itbusinesspartner\/"]}]}},"_links":{"self":[{"href":"https:\/\/itbusinesspartner.fr\/en\/wp-json\/wp\/v2\/pages\/13827","targetHints":{"allow":["GET"]}}],"collection":[{"href":"https:\/\/itbusinesspartner.fr\/en\/wp-json\/wp\/v2\/pages"}],"about":[{"href":"https:\/\/itbusinesspartner.fr\/en\/wp-json\/wp\/v2\/types\/page"}],"author":[{"embeddable":true,"href":"https:\/\/itbusinesspartner.fr\/en\/wp-json\/wp\/v2\/users\/2"}],"replies":[{"embeddable":true,"href":"https:\/\/itbusinesspartner.fr\/en\/wp-json\/wp\/v2\/comments?post=13827"}],"version-history":[{"count":74,"href":"https:\/\/itbusinesspartner.fr\/en\/wp-json\/wp\/v2\/pages\/13827\/revisions"}],"predecessor-version":[{"id":25847,"href":"https:\/\/itbusinesspartner.fr\/en\/wp-json\/wp\/v2\/pages\/13827\/revisions\/25847"}],"wp:attachment":[{"href":"https:\/\/itbusinesspartner.fr\/en\/wp-json\/wp\/v2\/media?parent=13827"}],"curies":[{"name":"wp","href":"https:\/\/api.w.org\/{rel}","templated":true}]}}