{"id":11412,"date":"2020-11-28T10:27:47","date_gmt":"2020-11-28T09:27:47","guid":{"rendered":"https:\/\/consulting.vamtam.com\/?page_id=11412"},"modified":"2020-11-28T12:59:52","modified_gmt":"2020-11-28T11:59:52","slug":"contact","status":"publish","type":"page","link":"https:\/\/itbusinesspartner.fr\/en\/contact","title":{"rendered":"Contact"},"content":{"rendered":"<div class=\"vgblk-rw-wrapper limit-wrapper\">\n    Remarque\u00a0: JavaScript est requis pour ce contenu.\n        <!-- TODO: Move to Template File. -->\n        <h4>\n\t\t\t<a href=\"http:\/\/contact@itbusinesspartner.fr\/en\/\" title=\"contact@itbusinesspartner.fr\" target=\"_self\" rel=\"noopener noreferrer\">\n\tcontact@itbusinesspartner.fr\n\t\t\t<\/a>\n\t<\/h4>\n<\/div><!-- .vgblk-rw-wrapper -->","protected":false},"excerpt":{"rendered":"<p>Remarque\u00a0: JavaScript est requis pour ce contenu. contact@itbusinesspartner.fr<\/p>","protected":false},"author":2,"featured_media":0,"parent":0,"menu_order":0,"comment_status":"closed","ping_status":"closed","template":"","meta":{"inline_featured_image":false,"footnotes":""},"class_list":["post-11412","page","type-page","status-publish","hentry"],"yoast_head":"<!-- This site is optimized with the Yoast SEO plugin v27.6 - https:\/\/yoast.com\/product\/yoast-seo-wordpress\/ -->\n<title>Contact - IT Business Partner - The digital business enabler you need<\/title>\n<meta name=\"description\" content=\"Pratique quotidienne du grand \u00e9cart entre vision strat\u00e9gique et mise en \u0153uvre op\u00e9rationnelle, dans le respect d\u2019un cadre m\u00e9thodologique et budg\u00e9taire, afin de d\u00e9velopper la performance, adresser les probl\u00e9matiques m\u00e9tiers et favoriser la transformation des organisations.\" \/>\n<meta name=\"robots\" content=\"index, follow, max-snippet:-1, max-image-preview:large, max-video-preview:-1\" \/>\n<link rel=\"canonical\" href=\"https:\/\/itbusinesspartner.fr\/en\/contact\" \/>\n<meta property=\"og:locale\" content=\"en_US\" \/>\n<meta property=\"og:type\" content=\"article\" \/>\n<meta property=\"og:title\" content=\"Contact - IT Business Partner - The digital business enabler you need\" \/>\n<meta property=\"og:description\" content=\"Pratique quotidienne du grand \u00e9cart entre vision strat\u00e9gique et mise en \u0153uvre op\u00e9rationnelle, dans le respect d\u2019un cadre m\u00e9thodologique et budg\u00e9taire, afin de d\u00e9velopper la performance, adresser les probl\u00e9matiques m\u00e9tiers et favoriser la transformation des organisations.\" \/>\n<meta property=\"og:url\" content=\"https:\/\/itbusinesspartner.fr\/en\/contact\" \/>\n<meta property=\"og:site_name\" content=\"IT Business Partner - The digital business enabler you need\" \/>\n<meta property=\"article:modified_time\" content=\"2020-11-28T11:59:52+00:00\" \/>\n<meta name=\"twitter:card\" content=\"summary_large_image\" \/>\n<script type=\"application\/ld+json\" class=\"yoast-schema-graph\">{\"@context\":\"https:\\\/\\\/schema.org\",\"@graph\":[{\"@type\":\"WebPage\",\"@id\":\"https:\\\/\\\/itbusinesspartner.fr\\\/en\\\/contact\",\"url\":\"https:\\\/\\\/itbusinesspartner.fr\\\/en\\\/contact\",\"name\":\"Contact - IT Business Partner - The digital business enabler you need\",\"isPartOf\":{\"@id\":\"https:\\\/\\\/itbusinesspartner.fr\\\/#website\"},\"datePublished\":\"2020-11-28T09:27:47+00:00\",\"dateModified\":\"2020-11-28T11:59:52+00:00\",\"description\":\"Pratique quotidienne du grand \u00e9cart entre vision strat\u00e9gique et mise en \u0153uvre op\u00e9rationnelle, dans le respect d\u2019un cadre m\u00e9thodologique et budg\u00e9taire, afin de d\u00e9velopper la performance, adresser les probl\u00e9matiques m\u00e9tiers et favoriser la transformation des organisations.\",\"breadcrumb\":{\"@id\":\"https:\\\/\\\/itbusinesspartner.fr\\\/en\\\/contact#breadcrumb\"},\"inLanguage\":\"en-US\",\"potentialAction\":[{\"@type\":\"ReadAction\",\"target\":[\"https:\\\/\\\/itbusinesspartner.fr\\\/en\\\/contact\"]}]},{\"@type\":\"BreadcrumbList\",\"@id\":\"https:\\\/\\\/itbusinesspartner.fr\\\/en\\\/contact#breadcrumb\",\"itemListElement\":[{\"@type\":\"ListItem\",\"position\":1,\"name\":\"Home\",\"item\":\"https:\\\/\\\/itbusinesspartner.fr\\\/\"},{\"@type\":\"ListItem\",\"position\":2,\"name\":\"Contact\"}]},{\"@type\":\"WebSite\",\"@id\":\"https:\\\/\\\/itbusinesspartner.fr\\\/#website\",\"url\":\"https:\\\/\\\/itbusinesspartner.fr\\\/\",\"name\":\"IT Business Partner\",\"description\":\"\",\"publisher\":{\"@id\":\"https:\\\/\\\/itbusinesspartner.fr\\\/#organization\"},\"potentialAction\":[{\"@type\":\"SearchAction\",\"target\":{\"@type\":\"EntryPoint\",\"urlTemplate\":\"https:\\\/\\\/itbusinesspartner.fr\\\/?s={search_term_string}\"},\"query-input\":{\"@type\":\"PropertyValueSpecification\",\"valueRequired\":true,\"valueName\":\"search_term_string\"}}],\"inLanguage\":\"en-US\"},{\"@type\":\"Organization\",\"@id\":\"https:\\\/\\\/itbusinesspartner.fr\\\/#organization\",\"name\":\"IT Business Partner\",\"url\":\"https:\\\/\\\/itbusinesspartner.fr\\\/\",\"logo\":{\"@type\":\"ImageObject\",\"inLanguage\":\"en-US\",\"@id\":\"https:\\\/\\\/itbusinesspartner.fr\\\/#\\\/schema\\\/logo\\\/image\\\/\",\"url\":\"https:\\\/\\\/itbusinesspartner.fr\\\/wp-content\\\/uploads\\\/2020\\\/10\\\/ITBP_2020_WHITE-1-e1603290714849.png\",\"contentUrl\":\"https:\\\/\\\/itbusinesspartner.fr\\\/wp-content\\\/uploads\\\/2020\\\/10\\\/ITBP_2020_WHITE-1-e1603290714849.png\",\"width\":500,\"height\":201,\"caption\":\"IT Business Partner\"},\"image\":{\"@id\":\"https:\\\/\\\/itbusinesspartner.fr\\\/#\\\/schema\\\/logo\\\/image\\\/\"},\"sameAs\":[\"https:\\\/\\\/www.linkedin.com\\\/company\\\/itbusinesspartner\\\/\"]}]}<\/script>\n<!-- \/ Yoast SEO plugin. -->","yoast_head_json":{"title":"Contact - IT Business Partner - The digital business enabler you need","description":"Pratique quotidienne du grand \u00e9cart entre vision strat\u00e9gique et mise en \u0153uvre op\u00e9rationnelle, dans le respect d\u2019un cadre m\u00e9thodologique et budg\u00e9taire, afin de d\u00e9velopper la performance, adresser les probl\u00e9matiques m\u00e9tiers et favoriser la transformation des organisations.","robots":{"index":"index","follow":"follow","max-snippet":"max-snippet:-1","max-image-preview":"max-image-preview:large","max-video-preview":"max-video-preview:-1"},"canonical":"https:\/\/itbusinesspartner.fr\/en\/contact","og_locale":"en_US","og_type":"article","og_title":"Contact - IT Business Partner - The digital business enabler you need","og_description":"Pratique quotidienne du grand \u00e9cart entre vision strat\u00e9gique et mise en \u0153uvre op\u00e9rationnelle, dans le respect d\u2019un cadre m\u00e9thodologique et budg\u00e9taire, afin de d\u00e9velopper la performance, adresser les probl\u00e9matiques m\u00e9tiers et favoriser la transformation des organisations.","og_url":"https:\/\/itbusinesspartner.fr\/en\/contact","og_site_name":"IT Business Partner - The digital business enabler you need","article_modified_time":"2020-11-28T11:59:52+00:00","twitter_card":"summary_large_image","schema":{"@context":"https:\/\/schema.org","@graph":[{"@type":"WebPage","@id":"https:\/\/itbusinesspartner.fr\/en\/contact","url":"https:\/\/itbusinesspartner.fr\/en\/contact","name":"Contact - IT Business Partner - The digital business enabler you need","isPartOf":{"@id":"https:\/\/itbusinesspartner.fr\/#website"},"datePublished":"2020-11-28T09:27:47+00:00","dateModified":"2020-11-28T11:59:52+00:00","description":"Pratique quotidienne du grand \u00e9cart entre vision strat\u00e9gique et mise en \u0153uvre op\u00e9rationnelle, dans le respect d\u2019un cadre m\u00e9thodologique et budg\u00e9taire, afin de d\u00e9velopper la performance, adresser les probl\u00e9matiques m\u00e9tiers et favoriser la transformation des organisations.","breadcrumb":{"@id":"https:\/\/itbusinesspartner.fr\/en\/contact#breadcrumb"},"inLanguage":"en-US","potentialAction":[{"@type":"ReadAction","target":["https:\/\/itbusinesspartner.fr\/en\/contact"]}]},{"@type":"BreadcrumbList","@id":"https:\/\/itbusinesspartner.fr\/en\/contact#breadcrumb","itemListElement":[{"@type":"ListItem","position":1,"name":"Home","item":"https:\/\/itbusinesspartner.fr\/"},{"@type":"ListItem","position":2,"name":"Contact"}]},{"@type":"WebSite","@id":"https:\/\/itbusinesspartner.fr\/#website","url":"https:\/\/itbusinesspartner.fr\/","name":"IT Business Partner","description":"","publisher":{"@id":"https:\/\/itbusinesspartner.fr\/#organization"},"potentialAction":[{"@type":"SearchAction","target":{"@type":"EntryPoint","urlTemplate":"https:\/\/itbusinesspartner.fr\/?s={search_term_string}"},"query-input":{"@type":"PropertyValueSpecification","valueRequired":true,"valueName":"search_term_string"}}],"inLanguage":"en-US"},{"@type":"Organization","@id":"https:\/\/itbusinesspartner.fr\/#organization","name":"IT Business Partner","url":"https:\/\/itbusinesspartner.fr\/","logo":{"@type":"ImageObject","inLanguage":"en-US","@id":"https:\/\/itbusinesspartner.fr\/#\/schema\/logo\/image\/","url":"https:\/\/itbusinesspartner.fr\/wp-content\/uploads\/2020\/10\/ITBP_2020_WHITE-1-e1603290714849.png","contentUrl":"https:\/\/itbusinesspartner.fr\/wp-content\/uploads\/2020\/10\/ITBP_2020_WHITE-1-e1603290714849.png","width":500,"height":201,"caption":"IT Business Partner"},"image":{"@id":"https:\/\/itbusinesspartner.fr\/#\/schema\/logo\/image\/"},"sameAs":["https:\/\/www.linkedin.com\/company\/itbusinesspartner\/"]}]}},"_links":{"self":[{"href":"https:\/\/itbusinesspartner.fr\/en\/wp-json\/wp\/v2\/pages\/11412","targetHints":{"allow":["GET"]}}],"collection":[{"href":"https:\/\/itbusinesspartner.fr\/en\/wp-json\/wp\/v2\/pages"}],"about":[{"href":"https:\/\/itbusinesspartner.fr\/en\/wp-json\/wp\/v2\/types\/page"}],"author":[{"embeddable":true,"href":"https:\/\/itbusinesspartner.fr\/en\/wp-json\/wp\/v2\/users\/2"}],"replies":[{"embeddable":true,"href":"https:\/\/itbusinesspartner.fr\/en\/wp-json\/wp\/v2\/comments?post=11412"}],"version-history":[{"count":7,"href":"https:\/\/itbusinesspartner.fr\/en\/wp-json\/wp\/v2\/pages\/11412\/revisions"}],"predecessor-version":[{"id":25554,"href":"https:\/\/itbusinesspartner.fr\/en\/wp-json\/wp\/v2\/pages\/11412\/revisions\/25554"}],"wp:attachment":[{"href":"https:\/\/itbusinesspartner.fr\/en\/wp-json\/wp\/v2\/media?parent=11412"}],"curies":[{"name":"wp","href":"https:\/\/api.w.org\/{rel}","templated":true}]}}